{"id":1578,"date":"2021-09-30T21:21:36","date_gmt":"2021-09-30T19:21:36","guid":{"rendered":"https:\/\/feinsinn.ch\/eu\/?post_type=product&#038;p=1578"},"modified":"2026-03-22T17:37:52","modified_gmt":"2026-03-22T16:37:52","slug":"olio-extra-vergine-di-oliva-250ml","status":"publish","type":"product","link":"https:\/\/feinsinn.ch\/eu\/biologisches-olivenoel\/olio-extra-vergine-di-oliva-250ml\/","title":{"rendered":"Olio Extra Vergine di Oliva biologico 250ml"},"content":{"rendered":"<p>Ein wertvolles, biologisch gesundes und naturreines Oliven\u00f6l Extra Vergine (nativ extra). 95% Canino und ein kleiner Teil Frantoio um den Geschmack abzurunden. Ein mild-fruchtig, im Abgang pikant-w\u00fcrziges Oliven\u00f6l. Bei uns wird weder k\u00fcnstlich ged\u00fcngt, behandelt, noch sonstige Hilfsmittel eingesetzt um den Ertrag zu steigern. &#8220;Echt&#8221; biologisch.<\/p>\n<p>Canino ist eine alte Olivensorte mit besonderem Aroma, wird aber wegen der kleinen Frucht und dadurch aufwendigeren Lese seltener neu gepflanzt. Auch bietet sich der speziellere Wuchs weniger gut zur gereihten, engstehenden Monokultur und maschinellen Ernte an. Das Gusto ist daf\u00fcr herausragend.<\/p>\n","protected":false},"excerpt":{"rendered":"<p><strong>&#8220;Limitierte Lese&#8221;<\/strong><\/p>\n<ul>\n<li>kaltgepresstes Oliven\u00f6l<\/li>\n<li>Olivensorte: Canino<\/li>\n<li>biologisch<\/li>\n<li>schonend handgepfl\u00fcckt<\/li>\n<li>handverlesen<\/li>\n<li>am Erntetag kalt gepresst<\/li>\n<li>ungefiltert<\/li>\n<li>mild &#8211; fruchtig im Geschmack<\/li>\n<li>leichte Sch\u00e4rfe im Abgang<\/li>\n<li>intensiv gr\u00fcne Farbe<\/li>\n<li>niedriger S\u00e4uregehalt<\/li>\n<li>hoher Gehalt an Polyphenolen und Vitamin E<\/li>\n<\/ul>\n<div style=\"color: #ce4f4f;\">Mindestbestellmenge: 6<\/div>\n","protected":false},"featured_media":1573,"comment_status":"open","ping_status":"closed","template":"","meta":[],"product_cat":[46],"product_tag":[],"_links":{"self":[{"href":"https:\/\/feinsinn.ch\/eu\/wp-json\/wp\/v2\/product\/1578"}],"collection":[{"href":"https:\/\/feinsinn.ch\/eu\/wp-json\/wp\/v2\/product"}],"about":[{"href":"https:\/\/feinsinn.ch\/eu\/wp-json\/wp\/v2\/types\/product"}],"replies":[{"embeddable":true,"href":"https:\/\/feinsinn.ch\/eu\/wp-json\/wp\/v2\/comments?post=1578"}],"wp:featuredmedia":[{"embeddable":true,"href":"https:\/\/feinsinn.ch\/eu\/wp-json\/wp\/v2\/media\/1573"}],"wp:attachment":[{"href":"https:\/\/feinsinn.ch\/eu\/wp-json\/wp\/v2\/media?parent=1578"}],"wp:term":[{"taxonomy":"product_cat","embeddable":true,"href":"https:\/\/feinsinn.ch\/eu\/wp-json\/wp\/v2\/product_cat?post=1578"},{"taxonomy":"product_tag","embeddable":true,"href":"https:\/\/feinsinn.ch\/eu\/wp-json\/wp\/v2\/product_tag?post=1578"}],"curies":[{"name":"wp","href":"https:\/\/api.w.org\/{rel}","templated":true}]}}