{"id":1738,"date":"2022-07-02T22:23:52","date_gmt":"2022-07-02T20:23:52","guid":{"rendered":"https:\/\/feinsinn.ch\/eu\/echtheit-von-bewertungen\/"},"modified":"2022-07-04T10:31:22","modified_gmt":"2022-07-04T08:31:22","slug":"echtheit-von-bewertungen","status":"publish","type":"page","link":"https:\/\/feinsinn.ch\/eu\/echtheit-von-bewertungen\/","title":{"rendered":"Echtheit von Bewertungen"},"content":{"rendered":"\n<p>Eine \u00dcberpr\u00fcfung der Bewertungen findet bei uns wie folgt statt:<br>Wir pr\u00fcfen Bewertungen zu unseren Produkten. Jede Bewertung wird individuell darauf gepr\u00fcft, ob diese ein Verbraucher vorgenommen hat, der die Waren oder Dienstleistungen tats\u00e4chlich bei uns erworben hat.<\/p>\n\n\n\n<p><\/p>\n","protected":false},"excerpt":{"rendered":"<p>Eine \u00dcberpr\u00fcfung der Bewertungen findet bei uns wie folgt statt:Wir pr\u00fcfen Bewertungen zu unseren Produkten. Jede Bewertung wird individuell darauf gepr\u00fcft, ob diese ein Verbraucher vorgenommen hat, der die Waren oder Dienstleistungen tats\u00e4chlich bei uns erworben hat.<\/p>\n","protected":false},"author":1,"featured_media":0,"parent":0,"menu_order":0,"comment_status":"closed","ping_status":"closed","template":"","meta":[],"uagb_featured_image_src":{"full":false,"thumbnail":false,"medium":false,"medium_large":false,"large":false,"1536x1536":false,"2048x2048":false,"mailpoet_newsletter_max":false,"woocommerce_thumbnail":false,"woocommerce_single":false,"woocommerce_gallery_thumbnail":false,"shop_catalog":false,"shop_single":false,"shop_thumbnail":false},"uagb_author_info":{"display_name":"Holger","author_link":"https:\/\/feinsinn.ch\/eu\/blog\/author\/holle\/"},"uagb_comment_info":0,"uagb_excerpt":"Eine \u00dcberpr\u00fcfung der Bewertungen findet bei uns wie folgt statt:Wir pr\u00fcfen Bewertungen zu unseren Produkten. Jede Bewertung wird individuell darauf gepr\u00fcft, ob diese ein Verbraucher vorgenommen hat, der die Waren oder Dienstleistungen tats\u00e4chlich bei uns erworben hat.","_links":{"self":[{"href":"https:\/\/feinsinn.ch\/eu\/wp-json\/wp\/v2\/pages\/1738"}],"collection":[{"href":"https:\/\/feinsinn.ch\/eu\/wp-json\/wp\/v2\/pages"}],"about":[{"href":"https:\/\/feinsinn.ch\/eu\/wp-json\/wp\/v2\/types\/page"}],"author":[{"embeddable":true,"href":"https:\/\/feinsinn.ch\/eu\/wp-json\/wp\/v2\/users\/1"}],"replies":[{"embeddable":true,"href":"https:\/\/feinsinn.ch\/eu\/wp-json\/wp\/v2\/comments?post=1738"}],"version-history":[{"count":2,"href":"https:\/\/feinsinn.ch\/eu\/wp-json\/wp\/v2\/pages\/1738\/revisions"}],"predecessor-version":[{"id":1740,"href":"https:\/\/feinsinn.ch\/eu\/wp-json\/wp\/v2\/pages\/1738\/revisions\/1740"}],"wp:attachment":[{"href":"https:\/\/feinsinn.ch\/eu\/wp-json\/wp\/v2\/media?parent=1738"}],"curies":[{"name":"wp","href":"https:\/\/api.w.org\/{rel}","templated":true}]}}