{"id":14,"date":"2021-08-24T12:34:19","date_gmt":"2021-08-24T10:34:19","guid":{"rendered":"https:\/\/feinsinn.ch\/eu\/agb\/"},"modified":"2021-10-26T18:36:34","modified_gmt":"2021-10-26T16:36:34","slug":"agb","status":"publish","type":"page","link":"https:\/\/feinsinn.ch\/eu\/agb\/","title":{"rendered":"AGB"},"content":{"rendered":"\n<h5>1.&nbsp;Geltungsbereich<\/h5>\n<p>F\u00fcr alle Bestellungen \u00fcber unseren Online-Shop durch Verbraucher und Unternehmer gelten die nachfolgenden AGB.<\/p>\n<p>Verbraucher ist jede nat\u00fcrliche Person, die ein Rechtsgesch\u00e4ft zu Zwecken abschlie\u00dft, die \u00fcberwiegend weder ihrer gewerblichen noch ihrer selbst\u00e4ndigen beruflichen T\u00e4tigkeit zugerechnet werden k\u00f6nnen. Unternehmer ist eine nat\u00fcrliche oder juristische Person oder eine rechtsf\u00e4hige Personengesellschaft, die bei Abschluss eines Rechtsgesch\u00e4fts in Aus\u00fcbung ihrer gewerblichen oder selbst\u00e4ndigen beruflichen T\u00e4tigkeit handelt. <\/p>\n<p>Gegen\u00fcber Unternehmern gilt: Verwendet der Unternehmer entgegenstehende oder erg\u00e4nzende Allgemeine Gesch\u00e4ftsbedingungen, wird deren Geltung hiermit widersprochen; sie werden nur dann Vertragsbestandteil, wenn wir dem ausdr\u00fccklich zugestimmt haben. <\/p>\n<h5>2.&nbsp;Vertragspartner, Vertragsschluss, Korrekturm\u00f6glichkeiten<\/h5>\n<p>Der Kaufvertrag kommt zustande mit feinsinn soc. agri. for. srl unip.<\/p>\n<p>Die Darstellung der Produkte im Online-Shop stellt kein rechtlich bindendes Angebot, sondern einen unverbindlichen Online-Katalog dar. Sie k\u00f6nnen unsere Produkte zun\u00e4chst unverbindlich in den Warenkorb legen und Ihre Eingaben vor Absenden Ihrer verbindlichen Bestellung jederzeit korrigieren, indem Sie die hierf\u00fcr im Bestellablauf vorgesehenen und erl\u00e4uterten Korrekturhilfen nutzen. Durch Anklicken des Bestellbuttons geben Sie ein verbindliches Angebot \u00fcber die im Warenkorb enthaltenen Waren ab. Die Best\u00e4tigung des Zugangs Ihrer Bestellung erfolgt per E-Mail unmittelbar nach dem Absenden der Bestellung.<\/p>\n<p>Wir nehmen Ihr Angebot innerhalb von zwei Tagen an, indem<\/p>\n<ul>\n\t<li>wir eine Annahmeerkl\u00e4rung in separater E-Mail abgeben oder<\/li>\n\t<li>wir die Ware ausliefern lassen oder<\/li>\n\t<li>gegebenenfalls die Zahlungstransaktion durch unseren Dienstleister oder den ausgew\u00e4hlten Zahlungsdienstleister durchgef\u00fchrt wird. Der Durchf\u00fchrungszeitpunkt der Zahlungstransaktion richtet sich nach der jeweils ausgew\u00e4hlten Zahlungsart (s. unter \u201eBezahlung\u201c).<\/li>\n<\/ul>\n<p>Die f\u00fcr Sie relevante Alternative richtet sich danach, welches der aufgez\u00e4hlten Ereignisse als erstes eintritt. <\/p>\n<h5>3.&nbsp;Vertragssprache, Vertragstextspeicherung<\/h5>\n<p>Die f\u00fcr den Vertragsschluss zur Verf\u00fcgung stehende(n) Sprache(n): Deutsch<\/p>\n<p>Wir speichern den Vertragstext und senden Ihnen die Bestelldaten und unsere AGB in Textform zu. Den Vertragstext k\u00f6nnen Sie in unserem Kunden-Login einsehen.\n\t<br>\n<\/p>\n<h5>4.&nbsp;Lieferbedingungen<\/h5>\n<p>Zuz\u00fcglich zu den angegebenen Produktpreisen kommen noch Versandkosten hinzu. N\u00e4heres zur H\u00f6he der Versandkosten erfahren Sie bei den Angeboten.<\/p>\n<p>Wir liefern nur im Versandweg. Eine Selbstabholung der Ware ist leider nicht m\u00f6glich. <\/p>\n<p>Wir liefern nicht an Packstationen.<\/p>\n<h5>5.&nbsp;Bezahlung<\/h5>\n\n<p>In unserem Shop stehen Ihnen grunds\u00e4tzlich die folgenden Zahlungsarten zur Verf\u00fcgung:<\/p>\n\n\n<div class=\"woocommerce woocommerce-gzd\">\n\t<ul class=\"payment_methods methods\">\n\t\t\t\t\t<li class=\"payment_method_bacs\">\n\t\t\t\t<label>Bank\u00fcberweisung<\/label>\n\t\t\t\t\t\t\t\t\t<div class=\"payment_box payment_method_bacs\">\n\t\t\t\t\t\t<p><strong>% Rabatt %<\/strong> wird in der Zusammenfassung angezeigt.<br>\u00dcberweise deine Zahlung direkt auf unser Bankkonto. Mit SEPA-QR-Code. Einfach mit deiner Banking-App scannen.<\/p>\n\t\t\t\t\t<\/div>\n\t\t\t\t\t\t\t<\/li>\n\t\t\t\t\t<li class=\"payment_method_mollie_wc_gateway_creditcard\">\n\t\t\t\t<label>Kreditkarte\/Debit<img src=\"https:\/\/feinsinn.ch\/eu\/wp-content\/plugins\/mollie-payments-for-woocommerce\/public\/images\/creditcards.svg\" class=\"mollie-gateway-icon\" alt=\"\" title=\"\"><\/label>\n\t\t\t\t\t\t\t\t\t<div class=\"payment_box payment_method_mollie_wc_gateway_creditcard\">\n\t\t\t\t\t\t<p><\/p>\n\t\t\t\t\t<\/div>\n\t\t\t\t\t\t\t<\/li>\n\t\t\t\t\t<li class=\"payment_method_mollie_wc_gateway_paypal\">\n\t\t\t\t<label>PayPal<img src=\"https:\/\/feinsinn.ch\/eu\/wp-content\/plugins\/mollie-payments-for-woocommerce\/\/public\/images\/paypal.svg\" class=\"mollie-gateway-icon\" alt=\"\" title=\"\"><\/label>\n\t\t\t\t\t\t\t<\/li>\n\t\t\t\t\t<li class=\"payment_method_mollie_wc_gateway_applepay\">\n\t\t\t\t<label>Apple Pay<img src=\"https:\/\/feinsinn.ch\/eu\/wp-content\/plugins\/mollie-payments-for-woocommerce\/\/public\/images\/applepay.svg\" class=\"mollie-gateway-icon\" alt=\"\" title=\"\"><\/label>\n\t\t\t\t\t\t\t<\/li>\n\t\t\t\t\t<li class=\"payment_method_mollie_wc_gateway_belfius\">\n\t\t\t\t<label>Belfius Direct Net<img src=\"https:\/\/feinsinn.ch\/eu\/wp-content\/plugins\/mollie-payments-for-woocommerce\/\/public\/images\/belfius.svg\" class=\"mollie-gateway-icon\" alt=\"\" title=\"\"><\/label>\n\t\t\t\t\t\t\t<\/li>\n\t\t\t\t\t<li class=\"payment_method_mollie_wc_gateway_ideal\">\n\t\t\t\t<label>iDEAL<img src=\"https:\/\/feinsinn.ch\/eu\/wp-content\/plugins\/mollie-payments-for-woocommerce\/\/public\/images\/ideal.svg\" class=\"mollie-gateway-icon\" alt=\"\" title=\"\"><\/label>\n\t\t\t\t\t\t\t<\/li>\n\t\t\t\t\t<li class=\"payment_method_mollie_wc_gateway_kbc\">\n\t\t\t\t<label>KBC\/CBC Payment Button<img src=\"https:\/\/feinsinn.ch\/eu\/wp-content\/plugins\/mollie-payments-for-woocommerce\/\/public\/images\/kbc.svg\" class=\"mollie-gateway-icon\" alt=\"\" title=\"\"><\/label>\n\t\t\t\t\t\t\t<\/li>\n\t\t\t\t\t<li class=\"payment_method_mollie_wc_gateway_bancontact\">\n\t\t\t\t<label>Bancontact<img src=\"https:\/\/feinsinn.ch\/eu\/wp-content\/plugins\/mollie-payments-for-woocommerce\/\/public\/images\/bancontact.svg\" class=\"mollie-gateway-icon\" alt=\"\" title=\"\"><\/label>\n\t\t\t\t\t\t\t<\/li>\n\t\t\t\t\t<li class=\"payment_method_mollie_wc_gateway_mybank\">\n\t\t\t\t<label>MyBank<img src=\"https:\/\/feinsinn.ch\/eu\/wp-content\/plugins\/mollie-payments-for-woocommerce\/\/public\/images\/mybank.svg\" class=\"mollie-gateway-icon\" alt=\"\" title=\"\"><\/label>\n\t\t\t\t\t\t\t<\/li>\n\t\t\t\t\t<li class=\"payment_method_mollie_wc_gateway_klarnapaynow\">\n\t\t\t\t<label>Klarna Pay Now<img src=\"https:\/\/feinsinn.ch\/eu\/wp-content\/plugins\/mollie-payments-for-woocommerce\/\/public\/images\/klarnapaynow.svg\" class=\"mollie-gateway-icon\" alt=\"\" title=\"\"><\/label>\n\t\t\t\t\t\t\t<\/li>\n\t\t\t\t\t<li class=\"payment_method_mollie_wc_gateway_eps\">\n\t\t\t\t<label>EPS<img src=\"https:\/\/feinsinn.ch\/eu\/wp-content\/plugins\/mollie-payments-for-woocommerce\/\/public\/images\/eps.svg\" class=\"mollie-gateway-icon\" alt=\"\" title=\"\"><\/label>\n\t\t\t\t\t\t\t<\/li>\n\t\t\t<\/ul>\n<\/div>\n\n\n\n<h5>6.&nbsp;Widerrufsrecht<\/h5>\n\t\t<p>Verbrauchern steht das gesetzliche Widerrufsrecht, wie in den <a href=\"\/eu\/widerrufsbestimmungen\/\">Widerrufsbestimmungen<\/a> beschrieben, zu. Unternehmern wird kein freiwilliges Widerrufsrecht einger\u00e4umt.<\/p>\n\t\t<h5>7.&nbsp;Eigentumsvorbehalt\u200b\u200b\u200b\u200b\u200b\u200b\u200b<\/h5>\n\t\t<p>Die Ware bleibt bis zur vollst\u00e4ndigen Bezahlung unser Eigentum.\n\t\t\t<br> F\u00fcr Unternehmer gilt erg\u00e4nzend: Wir behalten uns das Eigentum an der Ware bis zur vollst\u00e4ndigen Begleichung aller Forderungen aus einer laufenden Gesch\u00e4ftsbeziehung vor. Sie d\u00fcrfen die Vorbehaltsware im ordentlichen Gesch\u00e4ftsbetrieb weiterver\u00e4u\u00dfern; s\u00e4mtliche aus diesem Weiterverkauf entstehenden Forderungen treten Sie \u2013 unabh\u00e4ngig von einer Verbindung oder Vermischung der Vorbehaltsware mit einer neuen Sache &#8211; in H\u00f6he des Rechnungsbetrages an uns im Voraus ab, und wir nehmen diese Abtretung an. Sie bleiben zur Einziehung der Forderungen erm\u00e4chtigt, wir d\u00fcrfen Forderungen jedoch auch selbst einziehen, soweit Sie Ihren Zahlungsverpflichtungen nicht nachkommen. Die uns zustehenden Sicherheiten werden wir auf Ihr Verlangen insoweit freigeben, als der realisierbare Wert der Sicherheiten den Wert der offenen Forderungen um mehr als 10 % \u00fcbersteigt.<\/p>\n\t\t<h5>8.&nbsp;Transportsch\u00e4den\u200b\u200b\u200b\u200b\u200b\u200b\u200b<\/h5>\n\t\t<p>F\u00fcr Verbraucher gilt: Werden Waren mit offensichtlichen Transportsch\u00e4den angeliefert, so reklamieren Sie solche Fehler bitte m\u00f6glichst sofort beim Zusteller und nehmen Sie bitte unverz\u00fcglich Kontakt zu uns auf. Die Vers\u00e4umung einer Reklamation oder Kontaktaufnahme hat f\u00fcr Ihre gesetzlichen Anspr\u00fcche und deren Durchsetzung, insbesondere Ihre Gew\u00e4hrleistungsrechte, keinerlei Konsequenzen. Sie helfen uns aber, unsere eigenen Anspr\u00fcche gegen\u00fcber dem Frachtf\u00fchrer bzw. der Transportversicherung geltend machen zu k\u00f6nnen.<\/p>\n\t\t<p>F\u00fcr Unternehmer gilt: Die Gefahr des zuf\u00e4lligen Untergangs und der zuf\u00e4lligen Verschlechterung geht auf Sie \u00fcber, sobald wir die Sache dem Spediteur, dem Frachtf\u00fchrer oder der sonst zur Ausf\u00fchrung der Versendung bestimmten Person oder Anstalt ausgeliefert haben.<\/p>\n\t\t<h5>9.&nbsp;Gew\u00e4hrleistung und Garantien\u200b\u200b\u200b\u200b\u200b\u200b\u200b<\/h5>\n\t\t<p><strong>Geltung des gesetzlichen M\u00e4ngelhaftungsrechts<\/strong><\/p>\n\t\t<p>Soweit nicht nachstehend ausdr\u00fccklich anders vereinbart, gilt das gesetzliche M\u00e4ngelhaftungsrecht.\n\t\t\t<br> Die nachstehenden Einschr\u00e4nkungen und Fristverk\u00fcrzungen gelten nicht f\u00fcr Anspr\u00fcche aufgrund von Sch\u00e4den, die durch uns, unsere gesetzlichen Vertreter oder Erf\u00fcllungsgehilfen verursacht wurden<\/p>\n\t\t<ul>\n\t\t\t<li>bei Verletzung des Lebens, des K\u00f6rpers oder der Gesundheit<\/li>\n\t\t\t<li>bei vors\u00e4tzlicher oder grob fahrl\u00e4ssiger Pflichtverletzung sowie Arglist<\/li>\n\t\t\t<li>bei Verletzung wesentlicher Vertragspflichten, deren Erf\u00fcllung die ordnungsgem\u00e4\u00dfe Durchf\u00fchrung des Vertrages \u00fcberhaupt erst erm\u00f6glicht und auf deren Einhaltung der Vertragspartner regelm\u00e4\u00dfig vertrauen darf (Kardinalpflichten)<\/li>\n\t\t\t<li>im Rahmen eines Garantieversprechens, soweit vereinbart, oder<\/li>\n\t\t\t<li>soweit der Anwendungsbereich des Produkthaftungsgesetzes er\u00f6ffnet ist.<\/li>\n\t\t<\/ul>\n\t\t<p><strong>Beschr\u00e4nkungen gegen\u00fcber Verbrauchern<\/strong><\/p>\n\t\t<p>Beim Kauf gebrauchter Waren durch Verbraucher gilt: wenn der Mangel nach Ablauf eines Jahres ab Ablieferung der Ware auftritt, sind die M\u00e4ngelanspr\u00fcche ausgeschlossen. M\u00e4ngel, die innerhalb eines Jahres ab Ablieferung der Ware auftreten, k\u00f6nnen im Rahmen der gesetzlichen Verj\u00e4hrungsfrist von zwei Jahren ab Ablieferung der Ware geltend gemacht werden. <\/p>\n\t\t<p><strong>Beschr\u00e4nkungen gegen\u00fcber Unternehmern<\/strong><\/p>\n\t\t<p>Gegen\u00fcber Unternehmern gelten als Vereinbarung \u00fcber die Beschaffenheit der Ware nur unsere eigenen Angaben und die Produktbeschreibungen des Herstellers, die in den Vertrag einbezogen wurden; f\u00fcr \u00f6ffentliche \u00c4u\u00dferungen des Herstellers oder sonstige Werbeaussagen \u00fcbernehmen wir keine Haftung. F\u00fcr Unternehmer betr\u00e4gt die Verj\u00e4hrungsfrist f\u00fcr M\u00e4ngelanspr\u00fcche bei neu hergestellten Sachen ein Jahr ab Gefahr\u00fcbergang. Der Verkauf gebrauchter Waren erfolgt unter Ausschluss jeglicher Gew\u00e4hrleistung. Die gesetzlichen Verj\u00e4hrungsfristen f\u00fcr den R\u00fcckgriffsanspruch nach \u00a7 445a BGB bleiben unber\u00fchrt.<\/p>\n\t\t<p><strong>Regelungen gegen\u00fcber Kaufleuten<\/strong><\/p>\n\t\t<p>Unter Kaufleuten gilt die geregelte Untersuchungs- und R\u00fcgepflicht. Unterlassen Sie die dort geregelte Anzeige, so gilt die Ware als genehmigt, es sei denn, dass es sich um einen Mangel handelt, der bei der Untersuchung nicht erkennbar war. Dies gilt nicht, falls wir einen Mangel arglistig verschwiegen haben.<\/p>\n\t\t<p><strong>Garantien und Kundendienst<\/strong><\/p>\n\t\t<p>Informationen zu gegebenenfalls geltenden zus\u00e4tzlichen Garantien und deren genaue Bedingungen finden Sie jeweils beim Produkt und auf besonderen Informationsseiten im Online-Shop.<\/p>\n\t\t<h5>10.&nbsp;Haftung\u200b\u200b\u200b\u200b\u200b\u200b\u200b<\/h5>\n\t\t<p>F\u00fcr Anspr\u00fcche aufgrund von Sch\u00e4den, die durch uns, unsere gesetzlichen Vertreter oder Erf\u00fcllungsgehilfen verursacht wurden, haften wir stets unbeschr\u00e4nkt<\/p>\n\t\t<ul>\n\t\t\t<li>bei Verletzung des Lebens, des K\u00f6rpers oder der Gesundheit,<\/li>\n\t\t\t<li>bei vors\u00e4tzlicher oder grob fahrl\u00e4ssiger Pflichtverletzung,<\/li>\n\t\t\t<li>bei Garantieversprechen, soweit vereinbart, oder<\/li>\n\t\t\t<li>soweit der Anwendungsbereich des Produkthaftungsgesetzes er\u00f6ffnet ist.<\/li>\n\t\t<\/ul>\n\t\t<p>Bei Verletzung wesentlicher Vertragspflichten, deren Erf\u00fcllung die ordnungsgem\u00e4\u00dfe Durchf\u00fchrung des Vertrages \u00fcberhaupt erst erm\u00f6glicht und auf deren Einhaltung der Vertragspartner regelm\u00e4\u00dfig vertrauen darf, (Kardinalpflichten) durch leichte Fahrl\u00e4ssigkeit von uns, unseren gesetzlichen Vertretern oder Erf\u00fcllungsgehilfen ist die Haftung der H\u00f6he nach auf den bei Vertragsschluss vorhersehbaren Schaden begrenzt, mit dessen Entstehung typischerweise gerechnet werden muss.\n\t\t\t<br> Im \u00dcbrigen sind Anspr\u00fcche auf Schadensersatz ausgeschlossen.<\/p>\n\t\t<h5>11.&nbsp;Streitbeilegung\u200b\u200b\u200b\u200b\u200b\u200b\u200b<\/h5>\n\t\t<p>Die Europ\u00e4ische Kommission stellt eine Plattform zur Online-Streitbeilegung (OS) bereit, die Sie <a href=\"https:\/\/ec.europa.eu\/consumers\/odr\/\" target=\"_blank\" rel=\"noopener\">hier<\/a> finden. Zur Teilnahme an einem Streitbeilegungsverfahren vor einer Verbraucherschlichtungsstelle sind wir nicht verpflichtet und nicht bereit.\n\t\t\t<br> <\/p>\n\t\t<h5>12.&nbsp;Schlussbestimmungen\u200b\u200b\u200b\u200b\u200b\u200b\u200b <\/h5>\n\t\t<p>Sind Sie Unternehmer, dann gilt italienisches Recht unter Ausschluss des UN-Kaufrechts.\n\t\t\t<br>\n\t\t<\/p>\n\t\t<p>Sind Sie Kaufmann im Sinne des Handelsgesetzbuches, juristische Person des \u00f6ffentlichen Rechts oder \u00f6ffentlich-rechtliches Sonderverm\u00f6gen, ist ausschlie\u00dflicher Gerichtsstand f\u00fcr alle Streitigkeiten aus Vertragsverh\u00e4ltnissen zwischen uns und Ihnen unser Gesch\u00e4ftssitz.\n\t\t\t\n\t\t<\/p>\n\t\t<br>\n","protected":false},"excerpt":{"rendered":"<p>1.&nbsp;Geltungsbereich F\u00fcr alle Bestellungen \u00fcber unseren Online-Shop durch Verbraucher und Unternehmer gelten die nachfolgenden AGB. Verbraucher ist jede nat\u00fcrliche Person, die ein Rechtsgesch\u00e4ft zu Zwecken abschlie\u00dft, die \u00fcberwiegend weder ihrer gewerblichen noch ihrer selbst\u00e4ndigen beruflichen T\u00e4tigkeit zugerechnet werden k\u00f6nnen. Unternehmer ist eine nat\u00fcrliche oder juristische Person oder eine rechtsf\u00e4hige Personengesellschaft, die bei Abschluss eines Rechtsgesch\u00e4fts &hellip;<\/p>\n<p class=\"read-more\"> <a class=\"\" href=\"https:\/\/feinsinn.ch\/eu\/agb\/\"> <span class=\"screen-reader-text\">AGB<\/span> Weiterlesen &raquo;<\/a><\/p>\n","protected":false},"author":1,"featured_media":0,"parent":0,"menu_order":0,"comment_status":"closed","ping_status":"closed","template":"","meta":[],"uagb_featured_image_src":{"full":false,"thumbnail":false,"medium":false,"medium_large":false,"large":false,"1536x1536":false,"2048x2048":false,"mailpoet_newsletter_max":false,"woocommerce_thumbnail":false,"woocommerce_single":false,"woocommerce_gallery_thumbnail":false,"shop_catalog":false,"shop_single":false,"shop_thumbnail":false},"uagb_author_info":{"display_name":"Holger","author_link":"https:\/\/feinsinn.ch\/eu\/blog\/author\/holle\/"},"uagb_comment_info":0,"uagb_excerpt":"1.&nbsp;Geltungsbereich F\u00fcr alle Bestellungen \u00fcber unseren Online-Shop durch Verbraucher und Unternehmer gelten die nachfolgenden AGB. Verbraucher ist jede nat\u00fcrliche Person, die ein Rechtsgesch\u00e4ft zu Zwecken abschlie\u00dft, die \u00fcberwiegend weder ihrer gewerblichen noch ihrer selbst\u00e4ndigen beruflichen T\u00e4tigkeit zugerechnet werden k\u00f6nnen. Unternehmer ist eine nat\u00fcrliche oder juristische Person oder eine rechtsf\u00e4hige Personengesellschaft, die bei Abschluss eines Rechtsgesch\u00e4fts&hellip;","_links":{"self":[{"href":"https:\/\/feinsinn.ch\/eu\/wp-json\/wp\/v2\/pages\/14"}],"collection":[{"href":"https:\/\/feinsinn.ch\/eu\/wp-json\/wp\/v2\/pages"}],"about":[{"href":"https:\/\/feinsinn.ch\/eu\/wp-json\/wp\/v2\/types\/page"}],"author":[{"embeddable":true,"href":"https:\/\/feinsinn.ch\/eu\/wp-json\/wp\/v2\/users\/1"}],"replies":[{"embeddable":true,"href":"https:\/\/feinsinn.ch\/eu\/wp-json\/wp\/v2\/comments?post=14"}],"version-history":[{"count":2,"href":"https:\/\/feinsinn.ch\/eu\/wp-json\/wp\/v2\/pages\/14\/revisions"}],"predecessor-version":[{"id":1725,"href":"https:\/\/feinsinn.ch\/eu\/wp-json\/wp\/v2\/pages\/14\/revisions\/1725"}],"wp:attachment":[{"href":"https:\/\/feinsinn.ch\/eu\/wp-json\/wp\/v2\/media?parent=14"}],"curies":[{"name":"wp","href":"https:\/\/api.w.org\/{rel}","templated":true}]}}