{"id":13,"date":"2021-08-24T12:34:19","date_gmt":"2021-08-24T10:34:19","guid":{"rendered":"https:\/\/feinsinn.ch\/eu\/impressum\/"},"modified":"2022-10-20T18:46:37","modified_gmt":"2022-10-20T16:46:37","slug":"impressum","status":"publish","type":"page","link":"https:\/\/feinsinn.ch\/eu\/impressum\/","title":{"rendered":"Impressum"},"content":{"rendered":"\n<p>feinsinn Azienda Agricola | EU<br>feinsinn soc. agri. for. srl unip.<br>Strada Comunale di Monte Coino, snc<br>01010 Gradoli (VT)<br>Italien<\/p>\n\n\n\n<h5 id=\"m56\">Kontaktm\u00f6glichkeiten<\/h5>\n\n\n\n<p>E-Mail-Adresse: <a href=\"javascript:;\">impressum@feinsinn.ch<\/a><br>Telefon: <a href=\"tel:+39 0761 1916264\">+39 0761 1916264<\/a><br>Kontaktformular: <a href=\"https:\/\/feinsinn.ch\/eu\/kontakt\/\">https:\/\/feinsinn.ch\/eu\/kontakt\/<\/a><\/p>\n\n\n\n<h5 id=\"m154\">Journalistisch-redaktionelle Angebote<\/h5>\n\n\n\n<p>Inhaltlich verantwortlich: Nicole Spring<\/p>\n\n\n\n<h5 id=\"m58\">Angaben zum Unternehmen<\/h5>\n\n\n\n<p>Cap. sociale versato: 10.000,00 \u20ac<br>Reg. Imprese di VT e cod. fiscale: 02088320565<br>P.IVA: IT02088320565<br>N.REA: VT151863<br>Codice destinatario: J6URRTW<br>AGB: <a href=\"https:\/\/feinsinn.ch\/eu\/agb\/\" data-type=\"URL\">https:\/\/feinsinn.ch\/eu\/agb\/<\/a><\/p>\n\n\n\n<h5 id=\"m174\">Online-Streitbeilegung (OS)<\/h5>\n\n\n\n<p>Die Europ\u00e4ische Kommission stellt eine Plattform zur Online-Streitbeilegung (OS) bereit, die Sie unter <a href=\"https:\/\/ec.europa.eu\/consumers\/odr\/\" target=\"_blank\" rel=\"noreferrer noopener\">https:\/\/ec.europa.eu\/consumers\/odr\/<\/a> finden. Verbraucher haben die M\u00f6glichkeit, diese Plattform f\u00fcr die Beilegung ihrer Streitigkeiten zu nutzen. Zur Teilnahme an einem Streitbeilegungsverfahren vor einer Verbraucherschlichtungsstelle sind wir nicht verpflichtet und nicht bereit.<\/p>\n\n\n\n<h5 id=\"m65\">Haftungs- und Schutzrechtshinweise<\/h5>\n\n\n\n<p><strong>Haftungsausschluss<\/strong>: Die Inhalte dieses Onlineangebotes wurden sorgf\u00e4ltig und nach unserem aktuellen Kenntnisstand erstellt, dienen jedoch nur der Information und enthalten keine rechtlich bindende Wirkung, sofern es sich nicht um gesetzlich verpflichtende Informationen (z.B. das Impressum, die Datenschutzerkl\u00e4rung, AGB oder verpflichtende Belehrungen von Verbrauchern) handelt. Wir behalten uns vor, die Inhalte vollst\u00e4ndig oder teilweise zu \u00e4ndern oder zu l\u00f6schen, soweit vertragliche Verpflichtungen unber\u00fchrt bleiben. Alle Angebote sind freibleibend und unverbindlich.<\/p>\n\n\n\n<p><strong>Links auf fremde Webseiten<\/strong>: Die Inhalte fremder Webseiten, auf die wir direkt oder indirekt verweisen, liegen au\u00dferhalb unseres Verantwortungsbereiches und wir machen sie uns nicht zu Eigen. F\u00fcr alle Inhalte und Nachteile, die aus der Nutzung der in den verlinkten Webseiten aufrufbaren Informationen entstehen, \u00fcbernehmen wir keine Verantwortung.<\/p>\n\n\n\n<p><strong>Urheberrechte und Markenrechte<\/strong>: Alle auf dieser Website dargestellten Inhalte, wie Texte, Fotografien, Grafiken, Marken und Warenzeichen sind durch die jeweiligen Schutzrechte (Urheberrechte, Markenrechte) gesch\u00fctzt. Die Verwendung, Vervielf\u00e4ltigung usw. unterliegen unseren Rechten oder den Rechten der jeweiligen Urheber bzw. Rechteinhaber.<\/p>\n\n\n\n<p><strong>Hinweise auf Rechtsverst\u00f6\u00dfe<\/strong>: Sollten Sie innerhalb unseres Internetauftritts Rechtsverst\u00f6\u00dfe bemerken, bitten wir Sie uns auf diese hinzuweisen. Wir werden rechtswidrige Inhalte und Links nach Kenntnisnahme unverz\u00fcglich entfernen.<\/p>\n\n\n\n<div style=\"height:20px\" aria-hidden=\"true\" class=\"wp-block-spacer\"><\/div>\n","protected":false},"excerpt":{"rendered":"<p>feinsinn Azienda Agricola | EUfeinsinn soc. agri. for. srl unip.Strada Comunale di Monte Coino, snc01010 Gradoli (VT)Italien Kontaktm\u00f6glichkeiten E-Mail-Adresse: impressum@feinsinn.chTelefon: +39 0761 1916264Kontaktformular: https:\/\/feinsinn.ch\/eu\/kontakt\/ Journalistisch-redaktionelle Angebote Inhaltlich verantwortlich: Nicole Spring Angaben zum Unternehmen Cap. sociale versato: 10.000,00 \u20acReg. Imprese di VT e cod. fiscale: 02088320565P.IVA: IT02088320565N.REA: VT151863Codice destinatario: J6URRTWAGB: https:\/\/feinsinn.ch\/eu\/agb\/ Online-Streitbeilegung (OS) Die Europ\u00e4ische Kommission &hellip;<\/p>\n<p class=\"read-more\"> <a class=\"\" href=\"https:\/\/feinsinn.ch\/eu\/impressum\/\"> <span class=\"screen-reader-text\">Impressum<\/span> Weiterlesen &raquo;<\/a><\/p>\n","protected":false},"author":1,"featured_media":0,"parent":0,"menu_order":0,"comment_status":"closed","ping_status":"closed","template":"","meta":[],"uagb_featured_image_src":{"full":false,"thumbnail":false,"medium":false,"medium_large":false,"large":false,"1536x1536":false,"2048x2048":false,"mailpoet_newsletter_max":false,"woocommerce_thumbnail":false,"woocommerce_single":false,"woocommerce_gallery_thumbnail":false,"shop_catalog":false,"shop_single":false,"shop_thumbnail":false},"uagb_author_info":{"display_name":"Holger","author_link":"https:\/\/feinsinn.ch\/eu\/blog\/author\/holle\/"},"uagb_comment_info":0,"uagb_excerpt":"feinsinn Azienda Agricola | EUfeinsinn soc. agri. for. srl unip.Strada Comunale di Monte Coino, snc01010 Gradoli (VT)Italien Kontaktm\u00f6glichkeiten E-Mail-Adresse: impressum@feinsinn.chTelefon: +39 0761 1916264Kontaktformular: https:\/\/feinsinn.ch\/eu\/kontakt\/ Journalistisch-redaktionelle Angebote Inhaltlich verantwortlich: Nicole Spring Angaben zum Unternehmen Cap. sociale versato: 10.000,00 \u20acReg. Imprese di VT e cod. fiscale: 02088320565P.IVA: IT02088320565N.REA: VT151863Codice destinatario: J6URRTWAGB: https:\/\/feinsinn.ch\/eu\/agb\/ Online-Streitbeilegung (OS) Die Europ\u00e4ische Kommission&hellip;","_links":{"self":[{"href":"https:\/\/feinsinn.ch\/eu\/wp-json\/wp\/v2\/pages\/13"}],"collection":[{"href":"https:\/\/feinsinn.ch\/eu\/wp-json\/wp\/v2\/pages"}],"about":[{"href":"https:\/\/feinsinn.ch\/eu\/wp-json\/wp\/v2\/types\/page"}],"author":[{"embeddable":true,"href":"https:\/\/feinsinn.ch\/eu\/wp-json\/wp\/v2\/users\/1"}],"replies":[{"embeddable":true,"href":"https:\/\/feinsinn.ch\/eu\/wp-json\/wp\/v2\/comments?post=13"}],"version-history":[{"count":2,"href":"https:\/\/feinsinn.ch\/eu\/wp-json\/wp\/v2\/pages\/13\/revisions"}],"predecessor-version":[{"id":1778,"href":"https:\/\/feinsinn.ch\/eu\/wp-json\/wp\/v2\/pages\/13\/revisions\/1778"}],"wp:attachment":[{"href":"https:\/\/feinsinn.ch\/eu\/wp-json\/wp\/v2\/media?parent=13"}],"curies":[{"name":"wp","href":"https:\/\/api.w.org\/{rel}","templated":true}]}}